{"id":349,"date":"2022-09-10T21:45:20","date_gmt":"2022-09-10T21:45:20","guid":{"rendered":"https:\/\/gruporodmar.com\/?page_id=349"},"modified":"2022-09-10T21:57:27","modified_gmt":"2022-09-10T21:57:27","slug":"cursos-taller","status":"publish","type":"page","link":"https:\/\/gruporodmar.com\/?page_id=349","title":{"rendered":"Cursos-Taller"},"content":{"rendered":"\n<h4 class=\"wp-block-heading\">Incrementa tus habilidades!!<\/h4>\n\n\n\n<p>Capacitate con nuestros cursos online en vivo, cada uno es una experiencia \u00fanica que no puedes perderte.<\/p>\n\n\n\n<p>Cursos disponibles \u00a1Inscribete ahora!<\/p>\n\n\n\n<p><\/p>\n\n\n\n<h2 class=\"wp-block-heading\">Elaboraci\u00f3n de manuales de pol\u00edticas y procedimientos<\/h2>\n\n\n\n<p>Aprende las t\u00e9cnicas para elaborar manuales que incrementen la eficiencia de tus procesos.<\/p>\n\n\n\n<h2 class=\"wp-block-heading\">Gesti\u00f3n de la Continuidad del Negocio<\/h2>\n\n\n\n<p>Aprende a gestionar y dise\u00f1ar politicas y planes de continuidad del negocio.<\/p>\n\n\n\n<h2 class=\"wp-block-heading\">Gesti\u00f3n de la Seguridad de la Informaci\u00f3n<\/h2>\n\n\n\n<p>Aprende como gestionar la seguridad de la informaci\u00f3n.<\/p>\n\n\n\n<p><\/p>\n","protected":false},"excerpt":{"rendered":"<p>Incrementa tus habilidades!! Capacitate con nuestros cursos online en vivo, cada uno es una experiencia \u00fanica que no puedes perderte. Cursos disponibles \u00a1Inscribete ahora! Elaboraci\u00f3n de manuales de pol\u00edticas y procedimientos Aprende las t\u00e9cnicas para elaborar manuales que incrementen la eficiencia de tus procesos. Gesti\u00f3n de la Continuidad del Negocio Aprende a gestionar y dise\u00f1ar [&hellip;]<\/p>\n","protected":false},"author":1,"featured_media":0,"parent":0,"menu_order":0,"comment_status":"closed","ping_status":"closed","template":"","meta":{"footnotes":""},"class_list":["post-349","page","type-page","status-publish","hentry"],"_links":{"self":[{"href":"https:\/\/gruporodmar.com\/index.php?rest_route=\/wp\/v2\/pages\/349","targetHints":{"allow":["GET"]}}],"collection":[{"href":"https:\/\/gruporodmar.com\/index.php?rest_route=\/wp\/v2\/pages"}],"about":[{"href":"https:\/\/gruporodmar.com\/index.php?rest_route=\/wp\/v2\/types\/page"}],"author":[{"embeddable":true,"href":"https:\/\/gruporodmar.com\/index.php?rest_route=\/wp\/v2\/users\/1"}],"replies":[{"embeddable":true,"href":"https:\/\/gruporodmar.com\/index.php?rest_route=%2Fwp%2Fv2%2Fcomments&post=349"}],"version-history":[{"count":4,"href":"https:\/\/gruporodmar.com\/index.php?rest_route=\/wp\/v2\/pages\/349\/revisions"}],"predecessor-version":[{"id":358,"href":"https:\/\/gruporodmar.com\/index.php?rest_route=\/wp\/v2\/pages\/349\/revisions\/358"}],"wp:attachment":[{"href":"https:\/\/gruporodmar.com\/index.php?rest_route=%2Fwp%2Fv2%2Fmedia&parent=349"}],"curies":[{"name":"wp","href":"https:\/\/api.w.org\/{rel}","templated":true}]}}