{"id":402,"date":"2022-12-10T19:05:28","date_gmt":"2022-12-10T19:05:28","guid":{"rendered":"https:\/\/gruporodmar.com\/?page_id=402"},"modified":"2022-12-10T19:13:41","modified_gmt":"2022-12-10T19:13:41","slug":"electricidad","status":"publish","type":"page","link":"https:\/\/gruporodmar.com\/?page_id=402","title":{"rendered":"ELECTRICIDAD"},"content":{"rendered":"\n<figure class=\"wp-block-table\"><table><tbody><tr><td>Instalaciones el\u00e9ctricas residenciales:<\/td><td>Instalaciones el\u00e9ctricas industriales:<\/td><\/tr><tr><td>-Dise\u00f1o e instalaci\u00f3n de la red el\u00e9ctrica: tomacorrientes, tomas especiales (estufa, calentadores, bombas, etc.).<br>-Instalaciones de l\u00e1mparas de exterior.<br>-Instalaciones de acometidas y tableros.<br>&#8211; Instalaciones 220V\/110V.<\/td><td>&#8211; Dise\u00f1o e instalaci\u00f3n de red el\u00e9ctrica: luminarias, tomas de potencia.<br>&#8211; Instalaci\u00f3n el\u00e9ctrica para equipos especiales (motores, UPS, AA, compresores, etc.).<br>&#8211; Instalaci\u00f3n de tableros el\u00e9ctricos peque\u00f1os e industriales, hasta sub estaciones.<br>&#8211; Instalaci\u00f3n de transformadores monof\u00e1sicos hasta bancos trif\u00e1sicos.<br>&#8211; Instalaciones de banco de capacitores, reguladores de voltaje (alta y media tensi\u00f3n), pararrayos, redes de tierra con soldadura isot\u00e9rmica, inversores, UPS, supresores de pico y plantas el\u00e9ctricas.<br>&#8211; Instalaci\u00f3n de red primaria.<\/td><\/tr><\/tbody><\/table><\/figure>\n","protected":false},"excerpt":{"rendered":"<p>Instalaciones el\u00e9ctricas residenciales: Instalaciones el\u00e9ctricas industriales: -Dise\u00f1o e instalaci\u00f3n de la red el\u00e9ctrica: tomacorrientes, tomas especiales (estufa, calentadores, bombas, etc.).-Instalaciones de l\u00e1mparas de exterior.-Instalaciones de acometidas y tableros.&#8211; Instalaciones 220V\/110V. &#8211; Dise\u00f1o e instalaci\u00f3n de red el\u00e9ctrica: luminarias, tomas de potencia.&#8211; Instalaci\u00f3n el\u00e9ctrica para equipos especiales (motores, UPS, AA, compresores, etc.).&#8211; Instalaci\u00f3n de tableros el\u00e9ctricos [&hellip;]<\/p>\n","protected":false},"author":1,"featured_media":0,"parent":0,"menu_order":0,"comment_status":"closed","ping_status":"closed","template":"","meta":{"footnotes":""},"class_list":["post-402","page","type-page","status-publish","hentry"],"_links":{"self":[{"href":"https:\/\/gruporodmar.com\/index.php?rest_route=\/wp\/v2\/pages\/402","targetHints":{"allow":["GET"]}}],"collection":[{"href":"https:\/\/gruporodmar.com\/index.php?rest_route=\/wp\/v2\/pages"}],"about":[{"href":"https:\/\/gruporodmar.com\/index.php?rest_route=\/wp\/v2\/types\/page"}],"author":[{"embeddable":true,"href":"https:\/\/gruporodmar.com\/index.php?rest_route=\/wp\/v2\/users\/1"}],"replies":[{"embeddable":true,"href":"https:\/\/gruporodmar.com\/index.php?rest_route=%2Fwp%2Fv2%2Fcomments&post=402"}],"version-history":[{"count":3,"href":"https:\/\/gruporodmar.com\/index.php?rest_route=\/wp\/v2\/pages\/402\/revisions"}],"predecessor-version":[{"id":441,"href":"https:\/\/gruporodmar.com\/index.php?rest_route=\/wp\/v2\/pages\/402\/revisions\/441"}],"wp:attachment":[{"href":"https:\/\/gruporodmar.com\/index.php?rest_route=%2Fwp%2Fv2%2Fmedia&parent=402"}],"curies":[{"name":"wp","href":"https:\/\/api.w.org\/{rel}","templated":true}]}}