{"id":8,"date":"2017-10-08T04:27:57","date_gmt":"2017-10-08T04:27:57","guid":{"rendered":"http:\/\/gruporodmar.com\/?page_id=8"},"modified":"2024-12-28T16:25:21","modified_gmt":"2024-12-28T16:25:21","slug":"about","status":"publish","type":"page","link":"https:\/\/gruporodmar.com\/?page_id=8","title":{"rendered":"QUIENES SOMOS"},"content":{"rendered":"\n<h2 class=\"wp-block-heading\" id=\"grupo-rodmar\">GRUPO RODMAR<\/h2>\n\n\n\n<p>Es un grupo empresarial de propiedad privada, especializado en sectores: energ\u00eda, bienes ra\u00edces, transporte, e inversiones\u00a0diversificadas.<\/p>\n\n\n\n<p>Asumimos el compromiso de abordar las cuestiones medioambientales, sociales y de gobernanza en todo lo que hacemos. Nuestro sentido de la responsabilidad social es uno de nuestros valores esenciales, nos gu\u00eda y est\u00e1 reflejado principalmente a trav\u00e9s de nuestro profundo compromiso con nueve diferentes y diversos programas. Estas iniciativas buscan ofrecer oportunidades educativas, empresariales y actos de humanidad hacia las personas que son desatendidas, marginadas o desfavorecidas.<\/p>\n\n\n\n<p>El \u00e9xito continuo de GRUPO RODMAR en el servicio a sus clientes en general depende del compromiso total de cada empleado individual. Debido a nuestros altos est\u00e1ndares \u00e9ticos.<\/p>\n\n\n\n<p>Contactanos, ser\u00e1 un placer poder ayudarte con t\u00fa proyecto.<\/p>\n\n\n\n<figure class=\"wp-block-image size-full is-resized\"><img loading=\"lazy\" decoding=\"async\" width=\"940\" height=\"788\" src=\"https:\/\/gruporodmar.com\/wp-content\/uploads\/2022\/09\/quienessomos-1.jpg\" alt=\"\" class=\"wp-image-347\" style=\"width:647px;height:542px\" srcset=\"https:\/\/gruporodmar.com\/wp-content\/uploads\/2022\/09\/quienessomos-1.jpg 940w, https:\/\/gruporodmar.com\/wp-content\/uploads\/2022\/09\/quienessomos-1-300x251.jpg 300w, https:\/\/gruporodmar.com\/wp-content\/uploads\/2022\/09\/quienessomos-1-768x644.jpg 768w\" sizes=\"auto, (max-width: 940px) 100vw, 940px\" \/><\/figure>\n\n\n\n<p><\/p>\n","protected":false},"excerpt":{"rendered":"<p>GRUPO RODMAR Es un grupo empresarial de propiedad privada, especializado en sectores: energ\u00eda, bienes ra\u00edces, transporte, e inversiones\u00a0diversificadas. Asumimos el compromiso de abordar las cuestiones medioambientales, sociales y de gobernanza en todo lo que hacemos. Nuestro sentido de la responsabilidad social es uno de nuestros valores esenciales, nos gu\u00eda y est\u00e1 reflejado principalmente a trav\u00e9s [&hellip;]<\/p>\n","protected":false},"author":1,"featured_media":0,"parent":0,"menu_order":0,"comment_status":"closed","ping_status":"closed","template":"","meta":{"footnotes":""},"class_list":["post-8","page","type-page","status-publish","hentry"],"_links":{"self":[{"href":"https:\/\/gruporodmar.com\/index.php?rest_route=\/wp\/v2\/pages\/8","targetHints":{"allow":["GET"]}}],"collection":[{"href":"https:\/\/gruporodmar.com\/index.php?rest_route=\/wp\/v2\/pages"}],"about":[{"href":"https:\/\/gruporodmar.com\/index.php?rest_route=\/wp\/v2\/types\/page"}],"author":[{"embeddable":true,"href":"https:\/\/gruporodmar.com\/index.php?rest_route=\/wp\/v2\/users\/1"}],"replies":[{"embeddable":true,"href":"https:\/\/gruporodmar.com\/index.php?rest_route=%2Fwp%2Fv2%2Fcomments&post=8"}],"version-history":[{"count":12,"href":"https:\/\/gruporodmar.com\/index.php?rest_route=\/wp\/v2\/pages\/8\/revisions"}],"predecessor-version":[{"id":423,"href":"https:\/\/gruporodmar.com\/index.php?rest_route=\/wp\/v2\/pages\/8\/revisions\/423"}],"wp:attachment":[{"href":"https:\/\/gruporodmar.com\/index.php?rest_route=%2Fwp%2Fv2%2Fmedia&parent=8"}],"curies":[{"name":"wp","href":"https:\/\/api.w.org\/{rel}","templated":true}]}}